{"id":15503,"date":"2025-01-24T13:04:31","date_gmt":"2025-01-24T12:04:31","guid":{"rendered":"https:\/\/woodfieldtape.nl\/masking-tape"},"modified":"2025-01-24T13:04:31","modified_gmt":"2025-01-24T12:04:31","slug":"masking-tape","status":"publish","type":"page","link":"https:\/\/woodfieldtape.nl\/fr\/masking-tape","title":{"rendered":"Masking Tape"},"content":{"rendered":"","protected":false},"excerpt":{"rendered":"","protected":false},"author":1,"featured_media":0,"parent":0,"menu_order":0,"comment_status":"closed","ping_status":"closed","template":"page.php","meta":{"_acf_changed":false,"footnotes":""},"class_list":["entry","page","publish","author-dennis","post-15503","hentry"],"acf":[],"yoast_head":"\nMasking Tape \u2013 que vous trouverez \u00e0 Woodfield<\/title>\n<meta name=\"description\" content=\"Vous \u00eates \u00e0 la recherche d'un ruban de masquage de qualit\u00e9 ? Alors vous \u00eates au bon endroit chez Woodfield. Visitez notre site web.\" \/>\n<meta name=\"robots\" content=\"index, follow, max-snippet:-1, max-image-preview:large, max-video-preview:-1\" \/>\n<link rel=\"canonical\" href=\"https:\/\/woodfieldtape.nl\/fr\/assortiment\/masking-tape\" \/>\n<meta property=\"og:locale\" content=\"fr_FR\" \/>\n<meta property=\"og:type\" content=\"article\" \/>\n<meta property=\"og:title\" content=\"Masking Tape \u2013 que vous trouverez \u00e0 Woodfield\" \/>\n<meta property=\"og:description\" content=\"Vous \u00eates \u00e0 la recherche d'un ruban de masquage de qualit\u00e9 ? Alors vous \u00eates au bon endroit chez Woodfield. Visitez notre site web.\" \/>\n<meta property=\"og:url\" content=\"https:\/\/woodfieldtape.nl\/fr\/assortiment\/masking-tape\" \/>\n<meta property=\"og:site_name\" content=\"Woodfield Tape\" \/>\n<meta name=\"twitter:label1\" content=\"Dur\u00e9e de lecture estim\u00e9e\" \/>\n\t<meta name=\"twitter:data1\" content=\"2 minutes\" \/>\n<script type=\"application\/ld+json\" class=\"yoast-schema-graph\">{\"@context\":\"https:\/\/schema.org\",\"@graph\":[{\"@type\":\"WebPage\",\"@id\":\"https:\/\/woodfieldtape.nl\/fr\/assortiment\/masking-tape\",\"url\":\"https:\/\/woodfieldtape.nl\/fr\/assortiment\/masking-tape\",\"name\":\"Masking Tape \u2013 que vous trouverez \u00e0 Woodfield\",\"isPartOf\":{\"@id\":\"https:\/\/woodfieldtape.nl\/#website\"},\"datePublished\":\"2025-01-24T12:04:31+00:00\",\"description\":\"Vous \u00eates \u00e0 la recherche d'un ruban de masquage de qualit\u00e9 ? Alors vous \u00eates au bon endroit chez Woodfield. Visitez notre site web.\",\"breadcrumb\":{\"@id\":\"https:\/\/woodfieldtape.nl\/fr\/assortiment\/masking-tape#breadcrumb\"},\"inLanguage\":\"fr-FR\",\"potentialAction\":[{\"@type\":\"ReadAction\",\"target\":[\"https:\/\/woodfieldtape.nl\/fr\/assortiment\/masking-tape\"]}]},{\"@type\":\"BreadcrumbList\",\"@id\":\"https:\/\/woodfieldtape.nl\/fr\/assortiment\/masking-tape#breadcrumb\",\"itemListElement\":[{\"@type\":\"ListItem\",\"position\":1,\"name\":\"Gamme\",\"item\":\"https:\/\/woodfieldtape.nl\/fr\/assortiment\"},{\"@type\":\"ListItem\",\"position\":2,\"name\":\"Masking Tape\"}]},{\"@type\":\"WebSite\",\"@id\":\"https:\/\/woodfieldtape.nl\/#website\",\"url\":\"https:\/\/woodfieldtape.nl\/\",\"name\":\"Woodfield Tape\",\"description\":\"\",\"potentialAction\":[{\"@type\":\"SearchAction\",\"target\":{\"@type\":\"EntryPoint\",\"urlTemplate\":\"https:\/\/woodfieldtape.nl\/?s={search_term_string}\"},\"query-input\":{\"@type\":\"PropertyValueSpecification\",\"valueRequired\":true,\"valueName\":\"search_term_string\"}}],\"inLanguage\":\"fr-FR\"}]}<\/script>\n<!-- \/ Yoast SEO plugin. -->","yoast_head_json":{"title":"Masking Tape \u2013 que vous trouverez \u00e0 Woodfield","description":"Vous \u00eates \u00e0 la recherche d'un ruban de masquage de qualit\u00e9 ? Alors vous \u00eates au bon endroit chez Woodfield. Visitez notre site web.","robots":{"index":"index","follow":"follow","max-snippet":"max-snippet:-1","max-image-preview":"max-image-preview:large","max-video-preview":"max-video-preview:-1"},"canonical":"https:\/\/woodfieldtape.nl\/fr\/assortiment\/masking-tape","og_locale":"fr_FR","og_type":"article","og_title":"Masking Tape \u2013 que vous trouverez \u00e0 Woodfield","og_description":"Vous \u00eates \u00e0 la recherche d'un ruban de masquage de qualit\u00e9 ? Alors vous \u00eates au bon endroit chez Woodfield. Visitez notre site web.","og_url":"https:\/\/woodfieldtape.nl\/fr\/assortiment\/masking-tape","og_site_name":"Woodfield Tape","twitter_misc":{"Dur\u00e9e de lecture estim\u00e9e":"2 minutes"},"schema":{"@context":"https:\/\/schema.org","@graph":[{"@type":"WebPage","@id":"https:\/\/woodfieldtape.nl\/fr\/assortiment\/masking-tape","url":"https:\/\/woodfieldtape.nl\/fr\/assortiment\/masking-tape","name":"Masking Tape \u2013 que vous trouverez \u00e0 Woodfield","isPartOf":{"@id":"https:\/\/woodfieldtape.nl\/#website"},"datePublished":"2025-01-24T12:04:31+00:00","description":"Vous \u00eates \u00e0 la recherche d'un ruban de masquage de qualit\u00e9 ? Alors vous \u00eates au bon endroit chez Woodfield. Visitez notre site web.","breadcrumb":{"@id":"https:\/\/woodfieldtape.nl\/fr\/assortiment\/masking-tape#breadcrumb"},"inLanguage":"fr-FR","potentialAction":[{"@type":"ReadAction","target":["https:\/\/woodfieldtape.nl\/fr\/assortiment\/masking-tape"]}]},{"@type":"BreadcrumbList","@id":"https:\/\/woodfieldtape.nl\/fr\/assortiment\/masking-tape#breadcrumb","itemListElement":[{"@type":"ListItem","position":1,"name":"Gamme","item":"https:\/\/woodfieldtape.nl\/fr\/assortiment"},{"@type":"ListItem","position":2,"name":"Masking Tape"}]},{"@type":"WebSite","@id":"https:\/\/woodfieldtape.nl\/#website","url":"https:\/\/woodfieldtape.nl\/","name":"Woodfield Tape","description":"","potentialAction":[{"@type":"SearchAction","target":{"@type":"EntryPoint","urlTemplate":"https:\/\/woodfieldtape.nl\/?s={search_term_string}"},"query-input":{"@type":"PropertyValueSpecification","valueRequired":true,"valueName":"search_term_string"}}],"inLanguage":"fr-FR"}]}},"_links":{"self":[{"href":"https:\/\/woodfieldtape.nl\/fr\/wp-json\/wp\/v2\/pages\/15503","targetHints":{"allow":["GET"]}}],"collection":[{"href":"https:\/\/woodfieldtape.nl\/fr\/wp-json\/wp\/v2\/pages"}],"about":[{"href":"https:\/\/woodfieldtape.nl\/fr\/wp-json\/wp\/v2\/types\/page"}],"author":[{"embeddable":true,"href":"https:\/\/woodfieldtape.nl\/fr\/wp-json\/wp\/v2\/users\/1"}],"replies":[{"embeddable":true,"href":"https:\/\/woodfieldtape.nl\/fr\/wp-json\/wp\/v2\/comments?post=15503"}],"version-history":[{"count":5,"href":"https:\/\/woodfieldtape.nl\/fr\/wp-json\/wp\/v2\/pages\/15503\/revisions"}],"predecessor-version":[{"id":15768,"href":"https:\/\/woodfieldtape.nl\/fr\/wp-json\/wp\/v2\/pages\/15503\/revisions\/15768"}],"wp:attachment":[{"href":"https:\/\/woodfieldtape.nl\/fr\/wp-json\/wp\/v2\/media?parent=15503"}],"curies":[{"name":"wp","href":"https:\/\/api.w.org\/{rel}","templated":true}]}}